{"id":13,"date":"2023-08-17T08:46:00","date_gmt":"2023-08-17T08:46:00","guid":{"rendered":"https:\/\/testfeld.studio-augenmerk.de\/capoeira-fiu\/?page_id=13"},"modified":"2023-09-27T14:00:18","modified_gmt":"2023-09-27T14:00:18","slug":"paedagogischer-ansatz","status":"publish","type":"page","link":"https:\/\/fiu-capoeira.de\/index.php\/paedagogischer-ansatz\/","title":{"rendered":"P\u00e4dagogischer Ansatz"},"content":{"rendered":"<div class=\"gb-container gb-container-7d606429 alignfull\">\n<div class=\"gb-container gb-container-efcc473e\">\n\n<h1 class=\"gb-headline gb-headline-22523e20 gb-headline-text\">P\u00e4dagogischer Ansatz<\/h1>\n\n\n\n<div class=\"wp-block-media-text is-stacked-on-mobile is-vertically-aligned-center\" style=\"grid-template-columns:30% auto\"><figure class=\"wp-block-media-text__media\"><img loading=\"lazy\" decoding=\"async\" width=\"1024\" height=\"1024\" src=\"https:\/\/testfeld.studio-augenmerk.de\/capoeira-fiu\/wp-content\/uploads\/2023\/09\/bday-23-edited-1-1024x1024.jpg\" alt=\"\" class=\"wp-image-1848 size-full\" srcset=\"https:\/\/fiu-capoeira.de\/wp-content\/uploads\/2023\/09\/bday-23-edited-1-1024x1024.jpg 1024w, https:\/\/fiu-capoeira.de\/wp-content\/uploads\/2023\/09\/bday-23-edited-1-300x300.jpg 300w, https:\/\/fiu-capoeira.de\/wp-content\/uploads\/2023\/09\/bday-23-edited-1-150x150.jpg 150w, https:\/\/fiu-capoeira.de\/wp-content\/uploads\/2023\/09\/bday-23-edited-1-768x768.jpg 768w, https:\/\/fiu-capoeira.de\/wp-content\/uploads\/2023\/09\/bday-23-edited-1.jpg 1269w\" sizes=\"auto, (max-width: 1024px) 100vw, 1024px\" \/><\/figure><div class=\"wp-block-media-text__content\">\n<p class=\"has-text-align-left has-medium-font-size\">Capoeira bietet ein gro\u00dfes p\u00e4dagogisches Potenzial. Durch ihre Vielf\u00e4ltigkeit, als Kampfkunst, Akrobatik- und Musikform sowie soziales und kulturelles System, erlaubt sie es den jungen Individuen, sich auf vielseitige Weise einzubringen. Jedes Kind findet eine Disziplin in welcher es sich wohl f\u00fchlt und wachsen m\u00f6chte. Daraus ergibt sich eine soziale Dynamik, die individuelle Entwicklungen erm\u00f6glicht und diese produktiv in die Gemeinschaft integriert. Gleichzeitig werden die Kinder auf r\u00fccksichtsvolle Weise mit den anderen Disziplinen konfrontiert, wodurch das \u00dcberwinden von Schwierigkeiten und \u00c4ngsten zu einem verst\u00e4rkten Selbstbewusstsein f\u00fchrt.<\/p>\n<\/div><\/div>\n\n\n\n<div class=\"wp-block-media-text is-stacked-on-mobile is-vertically-aligned-center\" style=\"grid-template-columns:30% auto\"><figure class=\"wp-block-media-text__media\"><img loading=\"lazy\" decoding=\"async\" width=\"1024\" height=\"1024\" src=\"https:\/\/testfeld.studio-augenmerk.de\/capoeira-fiu\/wp-content\/uploads\/2023\/09\/Fiu-Capoeira-Atabaque-1024x1024.jpg\" alt=\"\" class=\"wp-image-2031 size-full\" srcset=\"https:\/\/fiu-capoeira.de\/wp-content\/uploads\/2023\/09\/Fiu-Capoeira-Atabaque-1024x1024.jpg 1024w, https:\/\/fiu-capoeira.de\/wp-content\/uploads\/2023\/09\/Fiu-Capoeira-Atabaque-300x300.jpg 300w, https:\/\/fiu-capoeira.de\/wp-content\/uploads\/2023\/09\/Fiu-Capoeira-Atabaque-150x150.jpg 150w, https:\/\/fiu-capoeira.de\/wp-content\/uploads\/2023\/09\/Fiu-Capoeira-Atabaque-768x768.jpg 768w, https:\/\/fiu-capoeira.de\/wp-content\/uploads\/2023\/09\/Fiu-Capoeira-Atabaque-1536x1536.jpg 1536w, https:\/\/fiu-capoeira.de\/wp-content\/uploads\/2023\/09\/Fiu-Capoeira-Atabaque-2048x2048.jpg 2048w\" sizes=\"auto, (max-width: 1024px) 100vw, 1024px\" \/><\/figure><div class=\"wp-block-media-text__content\">\n<p class=\"has-text-align-left has-medium-font-size\">Die traditionelle Capoeira wird in der so genannten Roda praktiziert: Eine Gruppe von Menschen bilden einen Kreis und musizieren zusammen. In ihrer Mitte \u00fcben zwei Capoeiristas das k\u00f6rperliche Spiel aus. Dabei wechseln die Teilnehmenden, sodass alle die verschiedenen Rollen einnehmen k\u00f6nnen. Die Musik ist ein wichtiger Bestandteil der Kampfkunst und bietet einen weiteren Zugang zur Capoeira. Auch die Aneignung von Wissen \u00fcber die Geschichte und die afro-brasilianischen Kultur sind eine M\u00f6glichkeit mitzuwirken. F\u00fcr die Roda ist das Zusammenkommen der genannten Aspekte notwendig.<\/p>\n<\/div><\/div>\n\n\n\n<div class=\"wp-block-media-text is-stacked-on-mobile is-vertically-aligned-center\" style=\"grid-template-columns:30% auto\"><figure class=\"wp-block-media-text__media\"><img loading=\"lazy\" decoding=\"async\" width=\"1024\" height=\"1024\" src=\"https:\/\/testfeld.studio-augenmerk.de\/capoeira-fiu\/wp-content\/uploads\/2023\/08\/fiu-capoeira-frankfurt-cordas-kinder-1024x1024.jpg\" alt=\"\" class=\"wp-image-1279 size-full\" srcset=\"https:\/\/fiu-capoeira.de\/wp-content\/uploads\/2023\/08\/fiu-capoeira-frankfurt-cordas-kinder-1024x1024.jpg 1024w, https:\/\/fiu-capoeira.de\/wp-content\/uploads\/2023\/08\/fiu-capoeira-frankfurt-cordas-kinder-300x300.jpg 300w, https:\/\/fiu-capoeira.de\/wp-content\/uploads\/2023\/08\/fiu-capoeira-frankfurt-cordas-kinder-150x150.jpg 150w, https:\/\/fiu-capoeira.de\/wp-content\/uploads\/2023\/08\/fiu-capoeira-frankfurt-cordas-kinder-768x768.jpg 768w, https:\/\/fiu-capoeira.de\/wp-content\/uploads\/2023\/08\/fiu-capoeira-frankfurt-cordas-kinder.jpg 1353w\" sizes=\"auto, (max-width: 1024px) 100vw, 1024px\" \/><\/figure><div class=\"wp-block-media-text__content\">\n<p class=\"has-text-align-left has-medium-font-size\">Die Beherrschung verschiedener k\u00e4mpferischer und akrobatischen Elemente, sowie ein strategisches Verst\u00e4ndnis kommen dem Leistungsgedanken klassischer Wettkampfsportarten am n\u00e4chsten. Die Praxis von Wettk\u00e4mpfen ist innerhalb der Capoeira allerdings umstritten. Durch den Leistungscharakter limitiert sie die Kultur auf den sportlichen Aspekt. In der traditionellen Capoeira werden die Bewegungen immer an den sozialen und musikalischen Kontext angepasst.&nbsp;Weil es aber kein Sieg und auch keine Teams gibt, entf\u00e4llt der Leistungsdruck und die damit verbundene Bildung homogener Gruppen. Das Capoeira-Spiel erfordert eine Kombination aus sportlichen, sozialen und personalen Kompetenzen. Jede Paarbildung eines Spiels bedingt eine Anpassung an die Partner*innen.<\/p>\n<\/div><\/div>\n\n\n\n<a class=\"gb-button gb-button-a2df1837 gb-button-text\" href=\"\/index.php\/training\/\">Trainingszeiten<\/a>\n\n<\/div>\n<\/div>","protected":false},"excerpt":{"rendered":"<p>P\u00e4dagogischer Ansatz Capoeira bietet ein gro\u00dfes p\u00e4dagogisches Potenzial. Durch ihre Vielf\u00e4ltigkeit, als Kampfkunst, Akrobatik- und Musikform sowie soziales und kulturelles &#8230; <a title=\"P\u00e4dagogischer Ansatz\" class=\"read-more\" href=\"https:\/\/fiu-capoeira.de\/index.php\/paedagogischer-ansatz\/\" aria-label=\"Mehr zu P\u00e4dagogischer Ansatz\">Weiterlesen &#8230;<\/a><\/p>\n","protected":false},"author":1,"featured_media":0,"parent":0,"menu_order":0,"comment_status":"closed","ping_status":"closed","template":"","meta":{"footnotes":""},"class_list":{"0":"post-13","1":"page","2":"type-page","3":"status-publish","5":"no-featured-image-padding"},"_links":{"self":[{"href":"https:\/\/fiu-capoeira.de\/index.php\/wp-json\/wp\/v2\/pages\/13","targetHints":{"allow":["GET"]}}],"collection":[{"href":"https:\/\/fiu-capoeira.de\/index.php\/wp-json\/wp\/v2\/pages"}],"about":[{"href":"https:\/\/fiu-capoeira.de\/index.php\/wp-json\/wp\/v2\/types\/page"}],"author":[{"embeddable":true,"href":"https:\/\/fiu-capoeira.de\/index.php\/wp-json\/wp\/v2\/users\/1"}],"replies":[{"embeddable":true,"href":"https:\/\/fiu-capoeira.de\/index.php\/wp-json\/wp\/v2\/comments?post=13"}],"version-history":[{"count":60,"href":"https:\/\/fiu-capoeira.de\/index.php\/wp-json\/wp\/v2\/pages\/13\/revisions"}],"predecessor-version":[{"id":2043,"href":"https:\/\/fiu-capoeira.de\/index.php\/wp-json\/wp\/v2\/pages\/13\/revisions\/2043"}],"wp:attachment":[{"href":"https:\/\/fiu-capoeira.de\/index.php\/wp-json\/wp\/v2\/media?parent=13"}],"curies":[{"name":"wp","href":"https:\/\/api.w.org\/{rel}","templated":true}]}}