{"id":24,"date":"2023-08-28T13:22:26","date_gmt":"2023-08-28T13:22:26","guid":{"rendered":"https:\/\/testfeld.studio-augenmerk.de\/capoeira-fiu\/?page_id=24"},"modified":"2025-01-15T15:43:41","modified_gmt":"2025-01-15T15:43:41","slug":"events","status":"publish","type":"page","link":"https:\/\/fiu-capoeira.de\/index.php\/events\/","title":{"rendered":"Capoeira Events"},"content":{"rendered":"<div class=\"gb-container gb-container-875091b9\">\n\n<h1 class=\"gb-headline gb-headline-807d2383 gb-headline-text\">Capoeira Events<\/h1>\n\n\n\n<h2 class=\"gb-headline gb-headline-8644ba24 gb-headline-text\">Anmeldung\/register\/registro<\/h2>\n\n\n\n<div class=\"wpcf7 no-js\" id=\"wpcf7-f2125-o1\" lang=\"de-DE\" dir=\"ltr\">\n<div class=\"screen-reader-response\"><p role=\"status\" aria-live=\"polite\" aria-atomic=\"true\"><\/p> <ul><\/ul><\/div>\n<form action=\"\/index.php\/wp-json\/wp\/v2\/pages\/24#wpcf7-f2125-o1\" method=\"post\" class=\"wpcf7-form init\" aria-label=\"Kontaktformular\" novalidate=\"novalidate\" data-status=\"init\">\n<div style=\"display: none;\">\n<input type=\"hidden\" name=\"_wpcf7\" value=\"2125\" \/>\n<input type=\"hidden\" name=\"_wpcf7_version\" value=\"5.9.3\" \/>\n<input type=\"hidden\" name=\"_wpcf7_locale\" value=\"de_DE\" \/>\n<input type=\"hidden\" name=\"_wpcf7_unit_tag\" value=\"wpcf7-f2125-o1\" \/>\n<input type=\"hidden\" name=\"_wpcf7_container_post\" value=\"0\" \/>\n<input type=\"hidden\" name=\"_wpcf7_posted_data_hash\" value=\"\" \/>\n<\/div>\n<p><label> Name\/name\/nome<br \/>\n<span class=\"wpcf7-form-control-wrap\" data-name=\"your-name\"><input size=\"40\" class=\"wpcf7-form-control wpcf7-text wpcf7-validates-as-required\" autocomplete=\"name\" aria-required=\"true\" aria-invalid=\"false\" value=\"\" type=\"text\" name=\"your-name\" \/><\/span> <\/label>\n<\/p>\n<p><label> Event\/event\/evento<br \/>\n<span class=\"wpcf7-form-control-wrap\" data-name=\"text-696\"><input size=\"40\" class=\"wpcf7-form-control wpcf7-text wpcf7-validates-as-required\" aria-required=\"true\" aria-invalid=\"false\" value=\"\" type=\"text\" name=\"text-696\" \/><\/span> <\/label>\n<\/p>\n<p><label> Apelido<br \/>\n<span class=\"wpcf7-form-control-wrap\" data-name=\"text-697\"><input size=\"40\" class=\"wpcf7-form-control wpcf7-text wpcf7-validates-as-required\" aria-required=\"true\" aria-invalid=\"false\" value=\"\" type=\"text\" name=\"text-697\" \/><\/span> <\/label>\n<\/p>\n<p><label> Gruppe\/group\/grupo<br \/>\n<span class=\"wpcf7-form-control-wrap\" data-name=\"text-698\"><input size=\"40\" class=\"wpcf7-form-control wpcf7-text wpcf7-validates-as-required\" aria-required=\"true\" aria-invalid=\"false\" value=\"\" type=\"text\" name=\"text-698\" \/><\/span> <\/label>\n<\/p>\n<p><label> Tag und Uhrzeit der Ankunft \/ day and time of arrival \/ dia e hora de chegada<br \/>\n<span class=\"wpcf7-form-control-wrap\" data-name=\"text-699\"><input size=\"40\" class=\"wpcf7-form-control wpcf7-text wpcf7-validates-as-required\" aria-required=\"true\" aria-invalid=\"false\" value=\"\" type=\"text\" name=\"text-699\" \/><\/span> <\/label>\n<\/p>\n<p><label> Tag und Uhrzeit der Abfahrt \/ day and time of depature \/ dia e hora de partida<br \/>\n<span class=\"wpcf7-form-control-wrap\" data-name=\"text-700\"><input size=\"40\" class=\"wpcf7-form-control wpcf7-text wpcf7-validates-as-required\" aria-required=\"true\" aria-invalid=\"false\" value=\"\" type=\"text\" name=\"text-700\" \/><\/span> <\/label>\n<\/p>\n<p><label> Unterkunft ben\u00f6tigt \/ accomdoation needed \/ alojamento necessario?<\/label>\n<\/p>\n<p><span class=\"wpcf7-form-control-wrap\" data-name=\"menu-567\"><select class=\"wpcf7-form-control wpcf7-select wpcf7-validates-as-required\" id=\"checkbox\" aria-required=\"true\" aria-invalid=\"false\" name=\"menu-567\"><option value=\"Ja\/yes\/sim\">Ja\/yes\/sim<\/option><option value=\"Nein\/no\/n\u00e3o\">Nein\/no\/n\u00e3o<\/option><\/select><\/span>\n<\/p>\n<p><label> Handynummer \/ mobile number \/ numero de celular<br \/>\n<span class=\"wpcf7-form-control-wrap\" data-name=\"text-701\"><input size=\"40\" class=\"wpcf7-form-control wpcf7-text wpcf7-validates-as-required\" aria-required=\"true\" aria-invalid=\"false\" value=\"\" type=\"text\" name=\"text-701\" \/><\/span> <\/label>\n<\/p>\n<p><label>E-Mail<br \/>\n<span class=\"wpcf7-form-control-wrap\" data-name=\"your-email\"><input size=\"40\" class=\"wpcf7-form-control wpcf7-email wpcf7-validates-as-required wpcf7-text wpcf7-validates-as-email\" autocomplete=\"email\" aria-required=\"true\" aria-invalid=\"false\" value=\"\" type=\"email\" name=\"your-email\" \/><\/span> <\/label>\n<\/p>\n<p><label> Kommentar\/comment\/coment\u00e1rio<br \/>\n<span class=\"wpcf7-form-control-wrap\" data-name=\"your-message\"><textarea cols=\"40\" rows=\"10\" class=\"wpcf7-form-control wpcf7-textarea\" aria-invalid=\"false\" name=\"your-message\"><\/textarea><\/span> <\/label>\n<\/p>\n<p><input class=\"wpcf7-form-control wpcf7-submit has-spinner\" type=\"submit\" value=\"Absenden\" \/>\n<\/p><div class=\"wpcf7-response-output\" aria-hidden=\"true\"><\/div>\n<\/form>\n<\/div>\n\n\n<\/div>\n\n<div class=\"gb-container gb-container-7d606429 alignfull\">\n<div class=\"gb-container gb-container-efcc473e\">\n\n<h1 class=\"gb-headline gb-headline-22523e20 gb-headline-text\">Alle Capoeira Events<\/h1>\n\n\n<div class=\"gb-container gb-container-1cdeb218\">\n\n<div class=\"wp-block-media-text is-stacked-on-mobile is-vertically-aligned-center\"><figure class=\"wp-block-media-text__media\"><img loading=\"lazy\" decoding=\"async\" width=\"843\" height=\"1024\" src=\"https:\/\/fiu-capoeira.de\/wp-content\/uploads\/2025\/01\/flyer1-843x1024.jpeg\" alt=\"\" class=\"wp-image-2143 size-full\" srcset=\"https:\/\/fiu-capoeira.de\/wp-content\/uploads\/2025\/01\/flyer1-843x1024.jpeg 843w, https:\/\/fiu-capoeira.de\/wp-content\/uploads\/2025\/01\/flyer1-247x300.jpeg 247w, https:\/\/fiu-capoeira.de\/wp-content\/uploads\/2025\/01\/flyer1-768x933.jpeg 768w, https:\/\/fiu-capoeira.de\/wp-content\/uploads\/2025\/01\/flyer1-1264x1536.jpeg 1264w, https:\/\/fiu-capoeira.de\/wp-content\/uploads\/2025\/01\/flyer1.jpeg 1685w\" sizes=\"auto, (max-width: 843px) 100vw, 843px\" \/><\/figure><div class=\"wp-block-media-text__content\">\n<h3 class=\"gb-headline gb-headline-71d8a106 gb-headline-text\">Irmaos do Quilombo<\/h3>\n\n\n<div class=\"gb-container gb-container-0f85dd04\">\n\n<p class=\"has-text-align-left has-medium-font-size\">23.-25.05.2025 &#8211; Frankfurt am Main<\/p>\n\n<\/div>\n\n\n<p class=\"has-text-align-left has-medium-font-size\">Wir freuen uns auf ein Wochenende voller Capoeira, Musik und Gemeinschaft mit den Contramestres Arthur Fiu und Gugu Quilombola. Neben Trainings und Rodas findet unsere j\u00e4hrliche G\u00fcrtelvergabe statt.<\/p>\n<\/div><\/div>\n\n\n\n<div class=\"wp-block-media-text is-stacked-on-mobile is-vertically-aligned-center\"><figure class=\"wp-block-media-text__media\"><img loading=\"lazy\" decoding=\"async\" width=\"796\" height=\"1024\" src=\"https:\/\/fiu-capoeira.de\/wp-content\/uploads\/2024\/10\/WhatsApp-Image-2024-09-25-at-10.27.24-796x1024.jpeg\" alt=\"\" class=\"wp-image-2139 size-full\" srcset=\"https:\/\/fiu-capoeira.de\/wp-content\/uploads\/2024\/10\/WhatsApp-Image-2024-09-25-at-10.27.24-796x1024.jpeg 796w, https:\/\/fiu-capoeira.de\/wp-content\/uploads\/2024\/10\/WhatsApp-Image-2024-09-25-at-10.27.24-233x300.jpeg 233w, https:\/\/fiu-capoeira.de\/wp-content\/uploads\/2024\/10\/WhatsApp-Image-2024-09-25-at-10.27.24-768x988.jpeg 768w, https:\/\/fiu-capoeira.de\/wp-content\/uploads\/2024\/10\/WhatsApp-Image-2024-09-25-at-10.27.24.jpeg 992w\" sizes=\"auto, (max-width: 796px) 100vw, 796px\" \/><\/figure><div class=\"wp-block-media-text__content\">\n<h3 class=\"gb-headline gb-headline-9363cf15 gb-headline-text\">Intensivo mit CM Arthur<\/h3>\n\n\n\n<p class=\"has-text-align-left has-medium-font-size\">23. und 24.11.2024 &#8211; Frankfurt am Main<\/p>\n\n\n\n<p class=\"has-text-align-left has-medium-font-size\">23.1  &#8211; Ein intensiver Workshop-Tag mit Capoeira und Samba de Roda mit CM Arthur f\u00fcr Erwachsene.<br><br>24.11 &#8211; Ein vielf\u00e4ltiger Capoeira Tag extra f\u00fcr Kinder und Jugendliche mit Musik- und Akrobatiktraining mit unseren Trainiern CM Arthur, Sarah, Augusto und Loirinho!<\/p>\n<\/div><\/div>\n\n\n\n<div class=\"wp-block-media-text is-stacked-on-mobile is-vertically-aligned-center\"><figure class=\"wp-block-media-text__media\"><img loading=\"lazy\" decoding=\"async\" width=\"796\" height=\"1024\" src=\"https:\/\/fiu-capoeira.de\/wp-content\/uploads\/2024\/01\/WhatsApp-Image-2024-01-14-at-18.29.13-796x1024.jpeg\" alt=\"\" class=\"wp-image-2110 size-full\" srcset=\"https:\/\/fiu-capoeira.de\/wp-content\/uploads\/2024\/01\/WhatsApp-Image-2024-01-14-at-18.29.13-796x1024.jpeg 796w, https:\/\/fiu-capoeira.de\/wp-content\/uploads\/2024\/01\/WhatsApp-Image-2024-01-14-at-18.29.13-233x300.jpeg 233w, https:\/\/fiu-capoeira.de\/wp-content\/uploads\/2024\/01\/WhatsApp-Image-2024-01-14-at-18.29.13-768x988.jpeg 768w, https:\/\/fiu-capoeira.de\/wp-content\/uploads\/2024\/01\/WhatsApp-Image-2024-01-14-at-18.29.13.jpeg 992w\" sizes=\"auto, (max-width: 796px) 100vw, 796px\" \/><\/figure><div class=\"wp-block-media-text__content\">\n<h3 class=\"gb-headline gb-headline-e7a25552 gb-headline-text\">Irmaos do Quilombo<\/h3>\n\n\n\n<p class=\"has-text-align-left has-medium-font-size\">17. &#8211; 19.05.2024 &#8211; Frankfurt am Main und Hofheim<\/p>\n\n\n\n<p class=\"has-text-align-left has-medium-font-size\">Hallo Capoeira-Freunde! Save the Date: Vom 17. bis 19. Mai steigt unser &#8222;Irm\u00e3os do Quilombo&#8220; Capoeira-Fest. Wir freuen uns auf Contramestres Gugu Quilombola, Arthur Fiu und viele weitere G\u00e4ste, die Trainings und Rodas leiten werden.<\/p>\n<\/div><\/div>\n\n<\/div>\n\n\n<div class=\"wp-block-media-text is-stacked-on-mobile is-vertically-aligned-center\"><figure class=\"wp-block-media-text__media\"><img loading=\"lazy\" decoding=\"async\" width=\"1024\" height=\"1024\" src=\"https:\/\/testfeld.studio-augenmerk.de\/capoeira-fiu\/wp-content\/uploads\/2023\/09\/WhatsApp-Image-2023-08-26-at-02.30.49-1024x1024.jpg\" alt=\"\" class=\"wp-image-1395 size-full\" srcset=\"https:\/\/fiu-capoeira.de\/wp-content\/uploads\/2023\/09\/WhatsApp-Image-2023-08-26-at-02.30.49-1024x1024.jpg 1024w, https:\/\/fiu-capoeira.de\/wp-content\/uploads\/2023\/09\/WhatsApp-Image-2023-08-26-at-02.30.49-300x300.jpg 300w, https:\/\/fiu-capoeira.de\/wp-content\/uploads\/2023\/09\/WhatsApp-Image-2023-08-26-at-02.30.49-150x150.jpg 150w, https:\/\/fiu-capoeira.de\/wp-content\/uploads\/2023\/09\/WhatsApp-Image-2023-08-26-at-02.30.49-768x768.jpg 768w, https:\/\/fiu-capoeira.de\/wp-content\/uploads\/2023\/09\/WhatsApp-Image-2023-08-26-at-02.30.49-1536x1536.jpg 1536w, https:\/\/fiu-capoeira.de\/wp-content\/uploads\/2023\/09\/WhatsApp-Image-2023-08-26-at-02.30.49.jpg 1600w\" sizes=\"auto, (max-width: 1024px) 100vw, 1024px\" \/><\/figure><div class=\"wp-block-media-text__content\">\n<h3 class=\"gb-headline gb-headline-44c69011 gb-headline-text\">Capoeira Kinder- und Jugendtag<\/h3>\n\n\n\n<p class=\"has-text-align-left has-medium-font-size\">29.10.2023 &#8211; Frankfurt am Main<\/p>\n\n\n\n<p class=\"has-text-align-left has-medium-font-size\">Eine eigene Veranstaltung speziell f\u00fcr Kinder- und Jugendliche (bis 13 Jahre). Mit viel Roda, Akrobatik, Musik und vielem Mehr!<\/p>\n<\/div><\/div>\n\n\n\n<div class=\"wp-block-media-text is-stacked-on-mobile is-vertically-aligned-center\"><figure class=\"wp-block-media-text__media\"><img loading=\"lazy\" decoding=\"async\" width=\"1024\" height=\"1024\" src=\"https:\/\/testfeld.studio-augenmerk.de\/capoeira-fiu\/wp-content\/uploads\/2023\/09\/WhatsApp-Image-2023-08-26-at-02.27.23-1024x1024.jpg\" alt=\"\" class=\"wp-image-1396 size-full\" srcset=\"https:\/\/fiu-capoeira.de\/wp-content\/uploads\/2023\/09\/WhatsApp-Image-2023-08-26-at-02.27.23-1024x1024.jpg 1024w, https:\/\/fiu-capoeira.de\/wp-content\/uploads\/2023\/09\/WhatsApp-Image-2023-08-26-at-02.27.23-300x300.jpg 300w, https:\/\/fiu-capoeira.de\/wp-content\/uploads\/2023\/09\/WhatsApp-Image-2023-08-26-at-02.27.23-150x150.jpg 150w, https:\/\/fiu-capoeira.de\/wp-content\/uploads\/2023\/09\/WhatsApp-Image-2023-08-26-at-02.27.23-768x768.jpg 768w, https:\/\/fiu-capoeira.de\/wp-content\/uploads\/2023\/09\/WhatsApp-Image-2023-08-26-at-02.27.23-1536x1536.jpg 1536w, https:\/\/fiu-capoeira.de\/wp-content\/uploads\/2023\/09\/WhatsApp-Image-2023-08-26-at-02.27.23.jpg 1600w\" sizes=\"auto, (max-width: 1024px) 100vw, 1024px\" \/><\/figure><div class=\"wp-block-media-text__content\">\n<h3 class=\"gb-headline gb-headline-274b3199 gb-headline-text\">Capoeira Workshop with CM Arthur<\/h3>\n\n\n\n<p class=\"has-text-align-left has-medium-font-size\">28.10.2023 &#8211; Frankfurt am Main<\/p>\n\n\n\n<p class=\"has-text-align-left has-medium-font-size\">A full day of training and Rodas with Contramestre Arthur from Sao Paulo. Do not miss this special opportunity. All levels and styles are very welcome to join us for this special day.<\/p>\n<\/div><\/div>\n\n\n\n<div class=\"wp-block-media-text is-stacked-on-mobile is-vertically-aligned-center\"><figure class=\"wp-block-media-text__media\"><img loading=\"lazy\" decoding=\"async\" width=\"1024\" height=\"1024\" src=\"https:\/\/testfeld.studio-augenmerk.de\/capoeira-fiu\/wp-content\/uploads\/2023\/09\/FLYER-FINAL-vorne-1024x1024.jpg\" alt=\"\" class=\"wp-image-1399 size-full\" srcset=\"https:\/\/fiu-capoeira.de\/wp-content\/uploads\/2023\/09\/FLYER-FINAL-vorne-1024x1024.jpg 1024w, https:\/\/fiu-capoeira.de\/wp-content\/uploads\/2023\/09\/FLYER-FINAL-vorne-300x300.jpg 300w, https:\/\/fiu-capoeira.de\/wp-content\/uploads\/2023\/09\/FLYER-FINAL-vorne-150x150.jpg 150w, https:\/\/fiu-capoeira.de\/wp-content\/uploads\/2023\/09\/FLYER-FINAL-vorne-768x768.jpg 768w, https:\/\/fiu-capoeira.de\/wp-content\/uploads\/2023\/09\/FLYER-FINAL-vorne-1536x1536.jpg 1536w, https:\/\/fiu-capoeira.de\/wp-content\/uploads\/2023\/09\/FLYER-FINAL-vorne-2048x2048.jpg 2048w\" sizes=\"auto, (max-width: 1024px) 100vw, 1024px\" \/><\/figure><div class=\"wp-block-media-text__content\">\n<h3 class=\"gb-headline gb-headline-e666e2c1 gb-headline-text\">Erstes Capoeira Event von FIU Alemanha<\/h3>\n\n\n\n<p class=\"has-text-align-left has-medium-font-size\">26.05. &#8211; 28.05.2023 &#8211; Frankfurt am Main<\/p>\n\n\n\n<p class=\"has-text-align-left has-medium-font-size\">Wir laden alle Capoeiristas von allen Gruppen und Stilen zu unserem Fest in Frankfurt am Main zwischen dem 26.-28.05.23 mit unseren Gastlehrern aus S\u00e3o Paulo, Brasilien ein: Mestre Sidney, Contramestre Arthur, Contramestra Natalia Professor Saci und Instrutora Navalha!<\/p>\n<\/div><\/div>\n\n<\/div>\n<\/div>","protected":false},"excerpt":{"rendered":"<p>Capoeira Events Anmeldung\/register\/registro Alle Capoeira Events Irmaos do Quilombo 23.-25.05.2025 &#8211; Frankfurt am Main Wir freuen uns auf ein Wochenende &#8230; <a title=\"Capoeira Events\" class=\"read-more\" href=\"https:\/\/fiu-capoeira.de\/index.php\/events\/\" aria-label=\"Mehr zu Capoeira Events\">Weiterlesen &#8230;<\/a><\/p>\n","protected":false},"author":1,"featured_media":0,"parent":0,"menu_order":0,"comment_status":"closed","ping_status":"closed","template":"","meta":{"footnotes":""},"class_list":{"0":"post-24","1":"page","2":"type-page","3":"status-publish","5":"no-featured-image-padding"},"_links":{"self":[{"href":"https:\/\/fiu-capoeira.de\/index.php\/wp-json\/wp\/v2\/pages\/24","targetHints":{"allow":["GET"]}}],"collection":[{"href":"https:\/\/fiu-capoeira.de\/index.php\/wp-json\/wp\/v2\/pages"}],"about":[{"href":"https:\/\/fiu-capoeira.de\/index.php\/wp-json\/wp\/v2\/types\/page"}],"author":[{"embeddable":true,"href":"https:\/\/fiu-capoeira.de\/index.php\/wp-json\/wp\/v2\/users\/1"}],"replies":[{"embeddable":true,"href":"https:\/\/fiu-capoeira.de\/index.php\/wp-json\/wp\/v2\/comments?post=24"}],"version-history":[{"count":67,"href":"https:\/\/fiu-capoeira.de\/index.php\/wp-json\/wp\/v2\/pages\/24\/revisions"}],"predecessor-version":[{"id":2144,"href":"https:\/\/fiu-capoeira.de\/index.php\/wp-json\/wp\/v2\/pages\/24\/revisions\/2144"}],"wp:attachment":[{"href":"https:\/\/fiu-capoeira.de\/index.php\/wp-json\/wp\/v2\/media?parent=24"}],"curies":[{"name":"wp","href":"https:\/\/api.w.org\/{rel}","templated":true}]}}